{"id":23,"date":"2012-09-13T14:01:58","date_gmt":"2012-09-13T05:01:58","guid":{"rendered":"https:\/\/www.irinoprize.jp\/?page_id=23"},"modified":"2023-12-05T01:30:08","modified_gmt":"2023-12-04T16:30:08","slug":"11th-20th","status":"publish","type":"page","link":"https:\/\/www.irinoprize.jp\/?page_id=23","title":{"rendered":"Result: 12th &#8211; 21st"},"content":{"rendered":"<p style=\"text-align: center;\"><b>International Composers&#8217; Competition<br \/>\nThe IRINO PRIZE Winners (1991~2000)<\/b><\/p>\n<p style=\"text-align: left;\"><a href=\" https:\/\/www.irinoprize.jp\/?page_id=21\">1981-1990<\/a>\u00a0\/\u00a0<a href=\"https:\/\/www.irinoprize.jp\/?page_id=23\">1991-2000<\/a>\u00a0\/\u00a0<a href=\"https:\/\/www.irinoprize.jp\/?page_id=25\">2001-2010<\/a>\u00a0\/\u00a0<a href=\"https:\/\/www.irinoprize.jp\/?page_id=640\">2011-2020 \/ <\/a> <a href=\"https:\/\/www.irinoprize.jp\/?page_id=1578\">2021-<\/a><\/p>\n<p style=\"text-align: right;\"><i>click on names of composers for their profile\u00a0<\/i><\/p>\n<table width=\"605\">\n<tbody>\n<tr>\n<td colspan=\"5\" bgcolor=\"&quot;#564E7E\"><span style=\"color: #ffffff;\">IRINO PRIZE WINNERS<\/span><\/td>\n<\/tr>\n<tr>\n<td rowspan=\"17\" valign=\"top\" bgcolor=\"#f5ffff\" width=\"18\" height=\"18\"><span style=\"color: #534b3e;\">12th<\/span><\/td>\n<td rowspan=\"17\" valign=\"top\" bgcolor=\"#f5ffff\" width=\"20\" height=\"18\"><span style=\"color: #534b3e;\">1991<\/span><\/td>\n<td rowspan=\"17\" valign=\"top\" bgcolor=\"#f5ffff\" width=\"90\" height=\"18\"><span style=\"color: #534b3e;\">Chamber music<\/span><\/td>\n<td bgcolor=\"#f5ffff\" width=\"257\" height=\"8\"><a href=\"https:\/\/www.sin80.com\/en\/artist\/jia-daqun\" target=\"_blank\" rel=\"noopener\"><span style=\"color: #3366ff;\"><strong>Jia Daqun<\/strong><\/span><\/a><br \/>\n<span style=\"color: #534b3e;\">&#8220;String Quartet&#8221;<\/span><\/td>\n<td valign=\"top\" bgcolor=\"#f5ffff\" width=\"229\" height=\"-4\"><strong><span style=\"color: #534b3e;\"><i>prize winner<\/i><\/span><\/strong><\/td>\n<\/tr>\n<tr>\n<td bgcolor=\"#f5ffff\" width=\"257\" height=\"8\"><span style=\"color: #534b3e;\">Massimo LAURICELLA<\/span><\/td>\n<td valign=\"top\" bgcolor=\"#f5ffff\" width=\"229\" height=\"-2\"><span style=\"color: #534b3e;\"><span style=\"font-size: xx-small;\">Nominated composers by the Selection Committee<\/span><\/span><\/td>\n<\/tr>\n<tr>\n<td bgcolor=\"#f5ffff\" width=\"257\" height=\"18\"><span style=\"color: #534b3e;\"><span style=\"color: #534b3e;\">Giuseppe GAVAZZA<\/span><\/span><\/td>\n<td valign=\"top\" bgcolor=\"#f5ffff\" width=\"229\" height=\"-2\"><span style=\"color: #534b3e;\"><span style=\"font-size: xx-small;\">Nominated composers by the Selection Committee<\/span><\/span><\/td>\n<\/tr>\n<tr>\n<td bgcolor=\"#f5ffff\" width=\"257\" height=\"18\"><span style=\"color: #534b3e;\"><span style=\"color: #534b3e;\">Arturo GERVASONI<\/span><\/span><\/td>\n<td valign=\"top\" bgcolor=\"#f5ffff\" width=\"229\" height=\"-2\"><span style=\"color: #534b3e;\"><span style=\"font-size: xx-small;\">Nominated composers by the Selection Committee<\/span><\/span><\/td>\n<\/tr>\n<tr>\n<td bgcolor=\"#f5ffff\" width=\"257\" height=\"18\"><span style=\"color: #534b3e;\"><span style=\"color: #534b3e;\">Alexander GUGEL<\/span><\/span><\/td>\n<td valign=\"top\" bgcolor=\"#f5ffff\" width=\"229\" height=\"-2\"><span style=\"color: #534b3e;\"><span style=\"font-size: xx-small;\">Nominated composers by the Selection Committee<\/span><\/span><\/td>\n<\/tr>\n<tr>\n<td bgcolor=\"#f5ffff\" width=\"257\" height=\"18\"><span style=\"color: #534b3e;\"><span style=\"color: #534b3e;\">Zhou LONG<\/span><\/span><\/td>\n<td valign=\"top\" bgcolor=\"#f5ffff\" width=\"229\" height=\"-2\"><span style=\"color: #534b3e;\"><span style=\"font-size: xx-small;\">Nominated composers by the Selection Committee<\/span><\/span><\/td>\n<\/tr>\n<tr>\n<td bgcolor=\"#f5ffff\" width=\"257\" height=\"18\"><span style=\"color: #534b3e;\"><span style=\"color: #534b3e;\">Shuya XU<\/span><\/span><\/td>\n<td valign=\"top\" bgcolor=\"#f5ffff\" width=\"229\" height=\"-2\"><span style=\"color: #534b3e;\"><span style=\"font-size: xx-small;\">Nominated composers by the Selection Committee<\/span><\/span><\/td>\n<\/tr>\n<tr>\n<td bgcolor=\"#f5ffff\" width=\"257\" height=\"18\"><span style=\"color: #534b3e;\"><span style=\"color: #534b3e;\">Kiyoshi FURUKAWA<\/span><\/span><\/td>\n<td valign=\"top\" bgcolor=\"#f5ffff\" width=\"229\" height=\"-2\"><span style=\"color: #534b3e;\"><span style=\"font-size: xx-small;\">Nominated composers by the Selection Committee<\/span><\/span><\/td>\n<\/tr>\n<tr>\n<td bgcolor=\"#f5ffff\" width=\"257\" height=\"18\"><span style=\"color: #534b3e;\"><span style=\"color: #534b3e;\">Tatsuya KAWAZOI<\/span><\/span><\/td>\n<td valign=\"top\" bgcolor=\"#f5ffff\" width=\"229\" height=\"-2\"><span style=\"color: #534b3e;\"><span style=\"font-size: xx-small;\">Nominated composers by the Selection Committee<\/span><\/span><\/td>\n<\/tr>\n<tr>\n<td bgcolor=\"#f5ffff\" width=\"257\" height=\"18\"><span style=\"color: #534b3e;\"><span style=\"color: #534b3e;\">Agostino di SCIPIO<\/span><\/span><\/td>\n<td valign=\"top\" bgcolor=\"#f5ffff\" width=\"229\" height=\"-2\"><span style=\"color: #534b3e;\"><span style=\"font-size: xx-small;\">Nominated composers by the Selection Committee<\/span><\/span><\/td>\n<\/tr>\n<tr>\n<td bgcolor=\"#f5ffff\" width=\"257\" height=\"18\"><span style=\"color: #534b3e;\"><span style=\"color: #534b3e;\">Massimo PRIORI<\/span><\/span><\/td>\n<td valign=\"top\" bgcolor=\"#f5ffff\" width=\"229\" height=\"-2\"><span style=\"color: #534b3e;\"><span style=\"font-size: xx-small;\">Nominated composers by the Selection Committee<\/span><\/span><\/td>\n<\/tr>\n<tr>\n<td bgcolor=\"#f5ffff\" width=\"257\" height=\"18\"><span style=\"color: #534b3e;\"><span style=\"color: #534b3e;\">Andreas G_RSCHING<\/span><\/span><\/td>\n<td valign=\"top\" bgcolor=\"#f5ffff\" width=\"229\" height=\"-2\"><span style=\"color: #534b3e;\"><span style=\"font-size: xx-small;\">Nominated composers by the Selection Committee<\/span><\/span><\/td>\n<\/tr>\n<tr>\n<td bgcolor=\"#f5ffff\" width=\"257\" height=\"18\"><span style=\"color: #534b3e;\"><span style=\"color: #534b3e;\">Hiroyuki ITOH<\/span><\/span><\/td>\n<td valign=\"top\" bgcolor=\"#f5ffff\" width=\"229\" height=\"-2\"><span style=\"color: #534b3e;\"><span style=\"font-size: xx-small;\">Nominated composers by the Selection Committee<\/span><\/span><\/td>\n<\/tr>\n<tr>\n<td bgcolor=\"#f5ffff\" width=\"257\" height=\"18\"><span style=\"color: #534b3e;\"><span style=\"color: #534b3e;\">Julian YU<\/span><\/span><\/td>\n<td valign=\"top\" bgcolor=\"#f5ffff\" width=\"229\" height=\"-2\"><span style=\"color: #534b3e;\"><span style=\"font-size: xx-small;\">Nominated composers by the Selection Committee<\/span><\/span><\/td>\n<\/tr>\n<tr>\n<td bgcolor=\"#f5ffff\" width=\"257\" height=\"18\"><span style=\"color: #534b3e;\">Stefano SCODANIBBIO<\/span><\/td>\n<td valign=\"top\" bgcolor=\"#f5ffff\" width=\"229\" height=\"-1\"><span style=\"color: #534b3e;\"><span style=\"font-size: xx-small;\">Nominated composers by the Selection Committee<\/span><\/span><\/td>\n<\/tr>\n<tr>\n<td bgcolor=\"#f5ffff\" width=\"257\" height=\"18\"><span style=\"color: #534b3e;\"><span style=\"color: #534b3e;\">Paolo RIMOLDI<\/span><\/span><\/td>\n<td valign=\"top\" bgcolor=\"#f5ffff\" width=\"229\" height=\"-1\"><span style=\"color: #534b3e;\"><span style=\"font-size: xx-small;\">Nominated composers by the Selection Committee<\/span><\/span><\/td>\n<\/tr>\n<tr>\n<td bgcolor=\"#f5ffff\" width=\"257\" height=\"18\"><span style=\"color: #534b3e;\"><span style=\"color: #534b3e;\">Tonino TESEI<\/span><\/span><\/td>\n<td valign=\"top\" bgcolor=\"#f5ffff\" width=\"229\" height=\"18\"><span style=\"color: #534b3e;\"><span style=\"font-size: xx-small;\">Nominated composers by the Selection Committee<\/span><\/span><\/td>\n<\/tr>\n<tr>\n<td valign=\"top\" bgcolor=\"#E1DFEB\" width=\"18\"><span style=\"color: #534b3e;\">13th<\/span><\/td>\n<td valign=\"top\" bgcolor=\"#E1DFEB\" width=\"20\"><span style=\"color: #534b3e;\">1992<\/span><\/td>\n<td valign=\"top\" bgcolor=\"#E1DFEB\" width=\"90\"><span style=\"color: #534b3e;\">&#8220;Orchestral work<\/span><\/td>\n<td bgcolor=\"#E1DFEB\" width=\"257\"><a href=\"https:\/\/www.casparjohanneswalter.de\" target=\"_blank\" rel=\"noopener\"><span style=\"color: #3366ff;\"><strong>Casper Johannes WALTER<\/strong><\/span><\/a><br \/>\n<span style=\"color: #534b3e;\">Nr.1 und 2 aus&#8221;4 St\u00fccke gegen den Stillstand&#8221; f\u00fcr kleines Orchester 1992<\/span><\/td>\n<td valign=\"top\" bgcolor=\"#E1DFEB\" width=\"229\"><strong><span style=\"color: #534b3e;\"><i>prize winner<\/i><\/span><\/strong><\/td>\n<\/tr>\n<tr>\n<td rowspan=\"11\" valign=\"top\" bgcolor=\"#f5ffff\" width=\"18\"><span style=\"color: #534b3e;\">14th<\/span><\/td>\n<td rowspan=\"11\" valign=\"top\" bgcolor=\"#f5ffff\" width=\"20\"><span style=\"color: #534b3e;\">1993<\/span><\/td>\n<td rowspan=\"11\" valign=\"top\" bgcolor=\"#f5ffff\" width=\"90\"><span style=\"color: #534b3e;\">Chamber music<\/span><\/td>\n<td bgcolor=\"#f5ffff\" width=\"257\"><a href=\"http:\/\/www.claudelenners.lu\" target=\"_blank\" rel=\"noopener\"><span style=\"color: #3366ff;\"><strong>Claude LENNERS<\/strong><\/span><\/a><br \/>\n&#8220;ZENIT&#8221; (fl. ob. s-sax.)<\/td>\n<td valign=\"top\" bgcolor=\"#f5ffff\" width=\"229\"><strong><span style=\"color: #534b3e;\"><i>prize winner<\/i><\/span><\/strong><\/td>\n<\/tr>\n<tr>\n<td bgcolor=\"#f5ffff\" width=\"257\"><span style=\"color: #534b3e;\">Shuya XU<\/span><br \/>\n&#8220;TAIYI II&#8221;<\/td>\n<td valign=\"top\" bgcolor=\"#f5ffff\" width=\"229\"><span style=\"color: #534b3e;\">mentioned<\/span><\/td>\n<\/tr>\n<tr>\n<td bgcolor=\"#f5ffff\" width=\"257\"><span style=\"color: #534b3e;\">Doina ROTARU<\/span><\/td>\n<td valign=\"top\" bgcolor=\"#f5ffff\" width=\"229\"><span style=\"color: #534b3e;\">mentioned<\/span><\/td>\n<\/tr>\n<tr>\n<td bgcolor=\"#f5ffff\" width=\"257\"><span style=\"color: #534b3e;\">Marc AINGER<\/span><\/td>\n<td valign=\"top\" bgcolor=\"#f5ffff\" width=\"229\"><span style=\"color: #534b3e;\">mentioned<\/span><\/td>\n<\/tr>\n<tr>\n<td bgcolor=\"#f5ffff\" width=\"257\"><span style=\"color: #534b3e;\">Xiao FU ZHANG<\/span><\/td>\n<td valign=\"top\" bgcolor=\"#f5ffff\" width=\"229\"><span style=\"color: #534b3e;\">mentioned<\/span><\/td>\n<\/tr>\n<tr>\n<td bgcolor=\"#f5ffff\" width=\"257\"><span style=\"color: #534b3e;\">Jesus TORRES<\/span><\/td>\n<td valign=\"top\" bgcolor=\"#f5ffff\" width=\"229\"><span style=\"color: #534b3e;\">mentioned<\/span><\/td>\n<\/tr>\n<tr>\n<td bgcolor=\"#f5ffff\" width=\"257\"><span style=\"color: #534b3e;\">Vykintas BIELIAUSKAS<\/span><\/td>\n<td valign=\"top\" bgcolor=\"#f5ffff\" width=\"229\"><span style=\"color: #534b3e;\"><span style=\"font-size: xx-small;\">Nominated composers by the Selection Committee<\/span><\/span><\/td>\n<\/tr>\n<tr>\n<td bgcolor=\"#f5ffff\" width=\"257\"><span style=\"color: #534b3e;\"><span style=\"color: #534b3e;\">Arturo GERVASONI<\/span><\/span><\/td>\n<td valign=\"top\" bgcolor=\"#f5ffff\" width=\"229\"><span style=\"color: #534b3e;\"><span style=\"font-size: xx-small;\">Nominated composers by the Selection Committee<\/span><\/span><\/td>\n<\/tr>\n<tr>\n<td bgcolor=\"#f5ffff\" width=\"257\"><span style=\"color: #534b3e;\"><span style=\"color: #534b3e;\">Doina ROTARU<\/span><\/span><\/td>\n<td valign=\"top\" bgcolor=\"#f5ffff\" width=\"229\"><span style=\"color: #534b3e;\"><span style=\"font-size: xx-small;\">Nominated composers by the Selection Committee<\/span><\/span><\/td>\n<\/tr>\n<tr>\n<td bgcolor=\"#f5ffff\" width=\"257\"><span style=\"color: #534b3e;\"><span style=\"color: #534b3e;\">Sidney CORBETT<\/span><\/span><\/td>\n<td valign=\"top\" bgcolor=\"#f5ffff\" width=\"229\"><span style=\"color: #534b3e;\"><span style=\"font-size: xx-small;\">Nominated composers by the Selection Committee<\/span><\/span><\/td>\n<\/tr>\n<tr>\n<td bgcolor=\"#f5ffff\" width=\"257\"><span style=\"color: #534b3e;\"><span style=\"color: #534b3e;\">David KOSVINER<\/span><\/span><\/td>\n<td valign=\"top\" bgcolor=\"#f5ffff\" width=\"229\"><span style=\"color: #534b3e;\"><span style=\"font-size: xx-small;\">Nominated composers by the Selection Committee<\/span><\/span><\/td>\n<\/tr>\n<tr>\n<td valign=\"top\" bgcolor=\"#E1DFEB\" width=\"18\"><span style=\"color: #534b3e;\">15th<\/span><\/td>\n<td valign=\"top\" bgcolor=\"#E1DFEB\" width=\"20\"><span style=\"color: #534b3e;\">1994<\/span><\/td>\n<td valign=\"top\" bgcolor=\"#E1DFEB\" width=\"90\"><span style=\"color: #534b3e;\">Orchestral work<\/span><\/td>\n<td bgcolor=\"#E1DFEB\" width=\"257\"><span style=\"color: #534b3e;\"><a href=\"http:\/\/www.kumiko-omura.com\" target=\"_blank\" rel=\"noopener\"><span style=\"color: #3366ff;\"><strong>Kumiko OMURA<\/strong><\/span><\/a><br \/>\n&#8220;RETICULATION&#8221;<\/span><\/td>\n<td valign=\"top\" bgcolor=\"#E1DFEB\" width=\"229\"><strong><span style=\"color: #534b3e;\"><i>prize winner<\/i><\/span><\/strong><\/td>\n<\/tr>\n<tr>\n<td rowspan=\"4\" valign=\"top\" bgcolor=\"#f5ffff\" width=\"18\"><span style=\"color: #534b3e;\">16th<\/span><\/td>\n<td rowspan=\"4\" valign=\"top\" bgcolor=\"#f5ffff\" width=\"20\"><span style=\"color: #534b3e;\">1995<\/span><\/td>\n<td rowspan=\"4\" valign=\"top\" bgcolor=\"#f5ffff\" width=\"90\"><span style=\"color: #534b3e;\">Chamber music<\/span><\/td>\n<td bgcolor=\"#f5ffff\" width=\"257\"><span style=\"color: #534b3e;\"><a href=\"http:\/\/www.victorkissine.com\/victorkissine.com\/Victor_Kissine.html\" target=\"_blank\" rel=\"noopener\"><span style=\"color: #3366ff;\"><strong>Victor KISSIN<\/strong><\/span><\/a><br \/>\n&#8220;Passe la Nuit&#8221;<\/span><\/td>\n<td valign=\"top\" bgcolor=\"#f5ffff\" width=\"229\"><strong><span style=\"color: #534b3e;\"><i>prize winner<\/i><\/span><\/strong><\/td>\n<\/tr>\n<tr>\n<td bgcolor=\"#f5ffff\" width=\"257\"><span style=\"color: #534b3e;\"><a href=\"https:\/\/japanesecomposers.info\/jc\/composers-basic-information\/suzuki-haruyuki\/\" target=\"_blank\" rel=\"noopener\"><span style=\"color: #3366ff;\"><strong>Haruyuki SUZUKI<\/strong><\/span><\/a><br \/>\n&#8220;A Double Tour &#8220;(Pf. &amp; Vl.)<\/span><\/td>\n<td valign=\"top\" bgcolor=\"#f5ffff\" width=\"229\"><strong><span style=\"color: #534b3e;\"><i>prize winner<\/i><\/span><\/strong><\/td>\n<\/tr>\n<tr>\n<td bgcolor=\"#f5ffff\" width=\"257\"><span style=\"color: #534b3e;\">Conrado delRASARIO<br \/>\n&#8220;Pine Whispers&#8221; (fl. cl. vn. vla. vc. pf.)<\/span><\/td>\n<td valign=\"top\" bgcolor=\"#f5ffff\" width=\"229\"><span style=\"color: #534b3e;\">mentioned<\/span><\/td>\n<\/tr>\n<tr>\n<td bgcolor=\"#f5ffff\" width=\"257\"><span style=\"color: #534b3e;\">Robert S. THOMPSON<br \/>\n&#8220;NEXI &#8221; (vn. and vla.)<\/span><\/td>\n<td valign=\"top\" bgcolor=\"#f5ffff\" width=\"229\"><span style=\"color: #534b3e;\">mentioned<\/span><\/td>\n<\/tr>\n<tr>\n<td valign=\"top\" bgcolor=\"#E1DFEB\" width=\"18\"><span style=\"color: #534b3e;\">17th<\/span><\/td>\n<td valign=\"top\" bgcolor=\"#E1DFEB\" width=\"20\"><span style=\"color: #534b3e;\">1996<\/span><\/td>\n<td valign=\"top\" bgcolor=\"#E1DFEB\" width=\"90\"><span style=\"color: #534b3e;\">Orchestral work<\/span><\/td>\n<td bgcolor=\"#E1DFEB\" width=\"257\"><span style=\"color: #534b3e;\"><a href=\"https:\/\/es.wikipedia.org\/wiki\/Ignacio_Baca_Lobera\" target=\"_blank\" rel=\"noopener\"><span style=\"color: #3366ff;\"><strong>Ignacio BACA-LOBERA<\/strong><\/span><\/a><br \/>\n&#8220;Tierra Incognita&#8221;<\/span><\/td>\n<td valign=\"top\" bgcolor=\"#E1DFEB\" width=\"229\"><strong><span style=\"color: #534b3e;\"><i>prize winner<\/i><\/span><\/strong><\/td>\n<\/tr>\n<tr>\n<td rowspan=\"5\" valign=\"top\" bgcolor=\"#f5ffff\" width=\"18\"><span style=\"color: #534b3e;\">18th<\/span><\/td>\n<td rowspan=\"5\" valign=\"top\" bgcolor=\"#f5ffff\" width=\"20\"><span style=\"color: #534b3e;\">1997<\/span><\/td>\n<td rowspan=\"5\" valign=\"top\" bgcolor=\"#f5ffff\" width=\"90\"><span style=\"color: #534b3e;\">Orchestral work<\/span><\/td>\n<td bgcolor=\"#f5ffff\" width=\"257\"><span style=\"color: #534b3e;\"><a href=\"https:\/\/ja.wikipedia.org\/wiki\/\u98db\u7530\u6cf0\u4e09\" target=\"_blank\" rel=\"noopener\"><span style=\"color: #3366ff;\"><strong>Taizo HIDA<\/strong><\/span><\/a><br \/>\n&#8220;Le Bleu du Ciel &#8221; (fl. vn. pf.)<\/span><\/td>\n<td valign=\"top\" bgcolor=\"#f5ffff\" width=\"229\"><strong><span style=\"color: #534b3e;\"><i>prize winner<\/i><\/span><\/strong><\/td>\n<\/tr>\n<tr>\n<td bgcolor=\"#f5ffff\" width=\"257\"><span style=\"color: #534b3e;\">Tomoko FUKUI<\/span><br \/>\n&#8220;Aj-k-S&#8221; (String Quartet)<\/td>\n<td valign=\"top\" bgcolor=\"#f5ffff\" width=\"229\"><span style=\"color: #534b3e;\">Nominated<\/span><\/td>\n<\/tr>\n<tr>\n<td bgcolor=\"#f5ffff\" width=\"257\"><span style=\"color: #534b3e;\"><span style=\"color: #534b3e;\">Patrice HARBY<br \/>\n&#8220;L&#8217; eau de la patience &#8221; ( fl. vn. vla. vc.)<\/span><\/span><\/td>\n<td valign=\"top\" bgcolor=\"#f5ffff\" width=\"229\"><span style=\"color: #534b3e;\">Special mentioned compositions<\/span><\/td>\n<\/tr>\n<tr>\n<td bgcolor=\"#f5ffff\" width=\"257\"><span style=\"color: #534b3e;\">Akane NAKANISHI<br \/>\nString Quartet &#8220;Absolution&#8221;<\/span><\/td>\n<td valign=\"top\" bgcolor=\"#f5ffff\" width=\"229\"><span style=\"color: #534b3e;\">Special mentioned compositions<\/span><\/td>\n<\/tr>\n<tr>\n<td bgcolor=\"#f5ffff\" width=\"257\"><span style=\"color: #534b3e;\">Masakazu NATSUDA<br \/>\n&#8220;Divergence&#8221;( cl\/doublebass-cl. vn. vc. pf.)<\/span><\/td>\n<td valign=\"top\" bgcolor=\"#f5ffff\" width=\"229\"><span style=\"color: #534b3e;\">Special mentioned compositions<\/span><\/td>\n<\/tr>\n<tr>\n<td valign=\"top\" bgcolor=\"#E1DFEB\" width=\"18\"><span style=\"color: #534b3e;\">19th<\/span><\/td>\n<td valign=\"top\" bgcolor=\"#E1DFEB\" width=\"20\"><span style=\"color: #534b3e;\">1998<\/span><\/td>\n<td valign=\"top\" bgcolor=\"#E1DFEB\" width=\"90\"><span style=\"color: #534b3e;\">Orchestral work<\/span><\/td>\n<td bgcolor=\"#E1DFEB\" width=\"257\"><span style=\"color: #534b3e;\"><a href=\"https:\/\/composers.rs\/en\/?page_id=1895\" target=\"_blank\" rel=\"noopener\"><span style=\"color: #3366ff;\"><strong>Ana MIHAJLOVIC-Leyden<\/strong><\/span><\/a><br \/>\n&#8220;MUNDUS SENSIBILIS&#8221; for piano and orchestra<\/span><\/td>\n<td valign=\"top\" bgcolor=\"#E1DFEB\" width=\"229\"><strong><span style=\"color: #534b3e;\"><i>prize winner<\/i><\/span><\/strong><\/td>\n<\/tr>\n<tr>\n<td rowspan=\"4\" valign=\"top\" bgcolor=\"#f5ffff\" width=\"18\"><span style=\"color: #534b3e;\">20th<\/span><\/td>\n<td rowspan=\"4\" valign=\"top\" bgcolor=\"#f5ffff\" width=\"20\"><span style=\"color: #534b3e;\">1999<\/span><\/td>\n<td rowspan=\"4\" valign=\"top\" bgcolor=\"#f5ffff\" width=\"90\"><span style=\"color: #534b3e;\">Chamber music<\/span><\/td>\n<td bgcolor=\"#f5ffff\" width=\"257\"><span style=\"color: #534b3e;\"><a href=\"https:\/\/en.wikipedia.org\/wiki\/Jun_Yamaguchi\" target=\"_blank\" rel=\"noopener\"><span style=\"color: #3366ff;\"><strong>Jun YAMAGUCHI<\/strong><\/span><\/a><br \/>\n&#8220;String Quartet No.1&#8221;<\/span><\/td>\n<td valign=\"top\" bgcolor=\"#f5ffff\" width=\"229\"><strong><span style=\"color: #534b3e;\"><i>prize winner<\/i><\/span><\/strong><\/td>\n<\/tr>\n<tr>\n<td bgcolor=\"#f5ffff\" width=\"257\"><span style=\"color: #534b3e;\">Misato MOCHIZUKI<\/span><\/td>\n<td valign=\"top\" bgcolor=\"#f5ffff\" width=\"229\"><span style=\"color: #534b3e;\">Mentioned composers<\/span><\/td>\n<\/tr>\n<tr>\n<td bgcolor=\"#f5ffff\" width=\"257\"><span style=\"color: #534b3e;\">Jos\u00e9 M. S\u00c1NCHEZ-VERD\u00da<\/span><\/td>\n<td valign=\"top\" bgcolor=\"#f5ffff\" width=\"229\"><span style=\"color: #534b3e;\">Mentioned composers<\/span><\/td>\n<\/tr>\n<tr>\n<td bgcolor=\"#f5ffff\" width=\"257\"><span style=\"color: #534b3e;\">Hiroyuki YAMAMOTO<\/span><\/td>\n<td valign=\"top\" bgcolor=\"#f5ffff\" width=\"229\"><span style=\"color: #534b3e;\">Mentioned composers<\/span><\/td>\n<\/tr>\n<tr>\n<td valign=\"top\" bgcolor=\"#E1DFEB\" width=\"18\"><span style=\"color: #534b3e;\">21st<\/span><\/td>\n<td valign=\"top\" bgcolor=\"#E1DFEB\" width=\"20\"><span style=\"color: #534b3e;\">2000<\/span><\/td>\n<td valign=\"top\" bgcolor=\"#E1DFEB\" width=\"90\"><span style=\"color: #534b3e;\">Orchestral work<\/span><\/td>\n<td bgcolor=\"#E1DFEB\" width=\"257\"><span style=\"color: #534b3e;\"><a href=\"http:\/\/www.tremediamusicedition.com\/Yi-leaflet.pdf\" target=\"_blank\" rel=\"noopener\"><span style=\"color: #3366ff;\"><strong>Gyu-Bong YI<\/strong><\/span><\/a><br \/>\n&#8220;Axiom&#8221;<\/span><\/td>\n<td valign=\"top\" bgcolor=\"#E1DFEB\" width=\"229\"><strong><span style=\"color: #534b3e;\"><i>prize winner<\/i><\/span><\/strong><\/td>\n<\/tr>\n<\/tbody>\n<\/table>\n","protected":false},"excerpt":{"rendered":"<p>International Composers&#8217; Competition The IRINO PRIZE Winners (1991~2000) 1981-1990\u00a0\/\u00a01991-2000\u00a0\/\u00a02001-2010\u00a0\/\u00a02011-2020 \/ 2021- click on names of composers for their profile\u00a0 IRINO PRIZE WINNERS 12th 1991 Chamber music Jia Daqun &#8220;String Quartet&#8221; prize winner Massimo LAURICELLA Nominated composers by the Selection Committee Giuseppe GAVAZZA Nominated composers by the Selection Committee Arturo GERVASONI Nominated composers by the Selection Committee Alexander GUGEL Nominated composers by the Selection Committee Zhou LONG Nominated composers by the Selection Committee Shuya XU Nominated composers by the Selection Committee Kiyoshi FURUKAWA Nominated composers by the Selection Committee Tatsuya KAWAZOI Nominated composers by the Selection Committee Agostino di SCIPIO Nominated composers by the Selection Committee Massimo PRIORI Nominated composers by the Selection Committee Andreas G_RSCHING Nominated composers by the Selection Committee Hiroyuki ITOH Nominated composers by the Selection Committee Julian YU Nominated composers by the Selection Committee Stefano SCODANIBBIO Nominated composers by the Selection Committee Paolo RIMOLDI Nominated composers by the Selection Committee Tonino TESEI Nominated composers by the Selection Committee 13th 1992 &#8220;Orchestral work Casper Johannes WALTER Nr.1 und 2 aus&#8221;4 St\u00fccke gegen den Stillstand&#8221; f\u00fcr kleines Orchester 1992 prize winner 14th 1993 Chamber music Claude LENNERS &#8220;ZENIT&#8221; (fl. ob. s-sax.) prize winner Shuya XU &#8220;TAIYI II&#8221; mentioned Doina ROTARU mentioned Marc AINGER mentioned Xiao FU ZHANG mentioned Jesus TORRES mentioned Vykintas BIELIAUSKAS Nominated composers by the Selection Committee Arturo GERVASONI Nominated composers by the Selection Committee Doina ROTARU Nominated composers by the Selection Committee Sidney CORBETT Nominated composers by the Selection Committee David KOSVINER Nominated composers by the Selection Committee 15th 1994 Orchestral&#8230;<\/p>\n","protected":false},"author":1,"featured_media":0,"parent":0,"menu_order":0,"comment_status":"closed","ping_status":"closed","template":"","meta":{"footnotes":""},"class_list":["post-23","page","type-page","status-publish","hentry"],"_links":{"self":[{"href":"https:\/\/www.irinoprize.jp\/index.php?rest_route=\/wp\/v2\/pages\/23","targetHints":{"allow":["GET"]}}],"collection":[{"href":"https:\/\/www.irinoprize.jp\/index.php?rest_route=\/wp\/v2\/pages"}],"about":[{"href":"https:\/\/www.irinoprize.jp\/index.php?rest_route=\/wp\/v2\/types\/page"}],"author":[{"embeddable":true,"href":"https:\/\/www.irinoprize.jp\/index.php?rest_route=\/wp\/v2\/users\/1"}],"replies":[{"embeddable":true,"href":"https:\/\/www.irinoprize.jp\/index.php?rest_route=%2Fwp%2Fv2%2Fcomments&post=23"}],"version-history":[{"count":0,"href":"https:\/\/www.irinoprize.jp\/index.php?rest_route=\/wp\/v2\/pages\/23\/revisions"}],"wp:attachment":[{"href":"https:\/\/www.irinoprize.jp\/index.php?rest_route=%2Fwp%2Fv2%2Fmedia&parent=23"}],"curies":[{"name":"wp","href":"https:\/\/api.w.org\/{rel}","templated":true}]}}