{"id":1736,"date":"2024-11-14T15:51:37","date_gmt":"2024-11-14T06:51:37","guid":{"rendered":"https:\/\/www.irinoprize.jp\/?page_id=1736"},"modified":"2024-11-14T16:25:01","modified_gmt":"2024-11-14T07:25:01","slug":"result-of-the-48th-irino-prize-for-chamber-music-2024","status":"publish","type":"page","link":"https:\/\/www.irinoprize.jp\/?page_id=1736","title":{"rendered":"Result of the 48th IRINO PRIZE for Chamber Music, 2024"},"content":{"rendered":"<p><b>Result of the 48th IRINO PRIZE for Chamber Music, 2024<\/b><\/p>\n<table>\n<tbody>\n<tr>\n<td align=\"left\" valign=\"top\" bgcolor=\"#564E7E\" width=\"644\" height=\"342\"><em><span style=\"color: #ffffff;\">Irino Prize Winner<\/span><\/em>\n<table width=\"641\">\n<tbody>\n<tr>\n<td rowspan=\"4\" bgcolor=\"#E1DFEB\" width=\"122\"><a href=\"https:\/\/www.irinoprize.jp\/wp-content\/uploads\/2024\/11\/Photo_Rocio-CANO-VALINO-scaled.jpg\"><img loading=\"lazy\" decoding=\"async\" class=\"aligncenter wp-image-1703 size-medium\" src=\"https:\/\/www.irinoprize.jp\/wp-content\/uploads\/2024\/11\/Photo_Rocio-CANO-VALINO-300x200.jpg\" alt=\"\" width=\"300\" height=\"200\" srcset=\"https:\/\/www.irinoprize.jp\/wp-content\/uploads\/2024\/11\/Photo_Rocio-CANO-VALINO-300x200.jpg 300w, https:\/\/www.irinoprize.jp\/wp-content\/uploads\/2024\/11\/Photo_Rocio-CANO-VALINO-1024x683.jpg 1024w, https:\/\/www.irinoprize.jp\/wp-content\/uploads\/2024\/11\/Photo_Rocio-CANO-VALINO-768x512.jpg 768w, https:\/\/www.irinoprize.jp\/wp-content\/uploads\/2024\/11\/Photo_Rocio-CANO-VALINO-1536x1024.jpg 1536w, https:\/\/www.irinoprize.jp\/wp-content\/uploads\/2024\/11\/Photo_Rocio-CANO-VALINO-2048x1365.jpg 2048w\" sizes=\"auto, (max-width: 300px) 100vw, 300px\" \/><\/a><\/td>\n<td valign=\"middle\" bgcolor=\"#E1DFEB\" width=\"91\" height=\"18\">Composer<\/td>\n<td valign=\"middle\" bgcolor=\"#E1DFEB\" width=\"412\" height=\"18\">\n<p>&nbsp;<\/p>\n<p>Roc\u00edo CANO VALI\u00d1O<b> <\/b><a href=\"http:\/\/www.rociocanovalino.com\" target=\"_blank\" rel=\"noopener\"><span style=\"font-size: revert; font-family: inherit; background-color: #ffffff;\">\ud83d\udc64 <\/span><\/a><\/p>\n<p style=\"text-align: left;\">(1991 b. in Argentina)<\/p>\n<\/td>\n<\/tr>\n<tr>\n<td valign=\"middle\" bgcolor=\"#E1DFEB\" width=\"91\">Title of work<\/td>\n<td valign=\"middle\" bgcolor=\"#E1DFEB\" width=\"412\" height=\"36\">\n<p>&nbsp;<\/p>\n<p>&#8220;Kha\u00edn\u00f4&#8221; <a href=\"https:\/\/youtu.be\/uPSpLGSYsX4?si=6rW53BlrD4gMR9py\" target=\"_blank\" rel=\"noopener\"><span style=\"font-size: revert; font-family: inherit; background-color: #ffffff;\">\ud83c\udfb5 <\/span><\/a><\/p>\n<p>(for fl, sax, accordion\/bandoneon, perc. and electronics)<\/p>\n<\/td>\n<\/tr>\n<tr>\n<td valign=\"middle\" bgcolor=\"#E1DFEB\" width=\"91\">Duration<\/td>\n<td valign=\"middle\" bgcolor=\"#E1DFEB\" width=\"412\">14&#8217;00&#8221;<\/td>\n<\/tr>\n<tr>\n<td valign=\"middle\" bgcolor=\"#E1DFEB\" width=\"91\" height=\"27\">\u00a0<\/td>\n<td valign=\"middle\" bgcolor=\"#E1DFEB\" width=\"412\" height=\"27\">\u00a0<\/td>\n<\/tr>\n<tr bgcolor=\"#FFFFFF\">\n<td colspan=\"5\" height=\"10\">\n<p><strong>Roc\u00edo CANO VALI\u00d1O<\/strong> \u2013 born in Buenos Aires [Argentina] and based in Lyon [France] \u2013 Composer and interior designer. Roc\u00edo\u2019s musical production is dedicated to instrumental, mixed and electroacoustic pieces. She is a member of the artistic committee of the Ensemble Orbis, which is based in Lyon and she co-founded. Roc\u00edo\u2019s music was performed by ensembles such as: Proxima Centauri, HANATSUmirror, Paramirabo, Ensemble Ars Nova, Ensemble DME, Duo PARCOURS, Q-si\u00f3n, among others&#8230; She has received various commissions and support from: Aide \u00e0 l\u2019\u00e9criture du Minist\u00e8re de la Culture [FR]; Radio France\u00a0[FR]; Festival Pr\u00e9sences [FR]; FNArtes [AR]; Studio C\u00e9sar\u00e9 CNCM [FR]; GRAME CNCM [FR]; GRM [FR]; Iberm\u00fasicas [AR-Latin America]; SACEM [FR]; OARA [FR]\u2026\u00a0Her works have been awarded in various international competitions. Roc\u00edo\u2019s compositions have been selected and performed in diverses festivals around the world.\u00a0<\/p>\n<p>Roc\u00edo has a Master and DNSPM degree in Contemporary Composition at the CNSMDL [France] where she studied with Fran\u00e7ois Roux. She did an Erasmus at KUG [Austria] with Franck Bedrossian. In Argentina, she studied composition with Demian Rudel Rey.\u00a0She has received scholarships such as: Nguyen Thien Dao 2023, Mozarteum Argentino Gisela Timmermann and she is winner of the Fondation d&#8217;entreprise Soci\u00e9t\u00e9 G\u00e9n\u00e9rale C\u2019est vous l\u2019avenir for the year 2024.<\/p>\n<p>In 2017, the label Resterecords released her first monographic album \u201cT\u00e2ches\u201d. Roc\u00edo&#8217;s music is published by Babel Scores, Score Follower&#8230; La Lettre du Musicien published her &#8220;Portrait double vie&#8221; written by Antoine Pecqueur in the &#8220;Architecture&#8221; edition.<\/p>\n<\/td>\n<\/tr>\n<tr>\n<td colspan=\"3\" bgcolor=\"#867eaf\" height=\"5\"><em><span class=\"style9\" style=\"color: #ffffff;\">-The result of the 48th IRINO PRIZE for Chamber Music, 2024-<\/span><\/em><\/td>\n<\/tr>\n<tr>\n<td colspan=\"3\" bgcolor=\"#EBFFF2\">We would like to announce the result of the 48th Irino Prize, 2024.<br \/>The Selection Committee has been held on 10 November , 2024 at the NPO JML Yoshiro Irino Music Institute Tokyo.<br \/><strong>Total of Entries<\/strong>\uff1a85 compositions, 20 countries<br \/><strong>Award<\/strong>: 200,000 Japanese yen<br \/><strong>Jury of this year<\/strong>: Mari TAKANO (Chair), Satoshi TANAKA, Takayuki RAI, Haruyuki SUZUKI, and Rica NARIMOTO<\/td>\n<\/tr>\n<\/tbody>\n<\/table>\n<\/td>\n<\/tr>\n<\/tbody>\n<\/table>\n\n\n<p><\/p>\n","protected":false},"excerpt":{"rendered":"<p>Result of the 48th IRINO PRIZE for Chamber Music, 2024 Irino Prize Winner Composer &nbsp; Roc\u00edo CANO VALI\u00d1O \ud83d\udc64 (1991 b. in Argentina) Title of work &nbsp; &#8220;Kha\u00edn\u00f4&#8221; \ud83c\udfb5 (for fl, sax, accordion\/bandoneon, perc. and electronics) Duration 14&#8217;00&#8221; \u00a0 \u00a0 Roc\u00edo CANO VALI\u00d1O \u2013 born in Buenos Aires [Argentina] and based in Lyon [France] \u2013 Composer and interior designer. Roc\u00edo\u2019s musical production is dedicated to instrumental, mixed and electroacoustic pieces. She is a member of the artistic committee of the Ensemble Orbis, which is based in Lyon and she co-founded. Roc\u00edo\u2019s music was performed by ensembles such as: Proxima Centauri, HANATSUmirror, Paramirabo, Ensemble Ars Nova, Ensemble DME, Duo PARCOURS, Q-si\u00f3n, among others&#8230; She has received various commissions and support from: Aide \u00e0 l\u2019\u00e9criture du Minist\u00e8re de la Culture [FR]; Radio France\u00a0[FR]; Festival Pr\u00e9sences [FR]; FNArtes [AR]; Studio C\u00e9sar\u00e9 CNCM [FR]; GRAME CNCM [FR]; GRM [FR]; Iberm\u00fasicas [AR-Latin America]; SACEM [FR]; OARA [FR]\u2026\u00a0Her works have been awarded in various international competitions. Roc\u00edo\u2019s compositions have been selected and performed in diverses festivals around the world.\u00a0 Roc\u00edo has a Master and DNSPM degree in Contemporary Composition at the CNSMDL [France] where she studied with Fran\u00e7ois Roux. She did an Erasmus at KUG [Austria] with Franck Bedrossian. In Argentina, she studied composition with Demian Rudel Rey.\u00a0She has received scholarships such as: Nguyen Thien Dao 2023, Mozarteum Argentino Gisela Timmermann and she is winner of the Fondation d&#8217;entreprise Soci\u00e9t\u00e9 G\u00e9n\u00e9rale C\u2019est vous l\u2019avenir for the year 2024. In 2017, the label Resterecords released her first monographic album \u201cT\u00e2ches\u201d. Roc\u00edo&#8217;s music&#8230;<\/p>\n","protected":false},"author":1,"featured_media":0,"parent":0,"menu_order":0,"comment_status":"closed","ping_status":"closed","template":"","meta":{"footnotes":""},"class_list":["post-1736","page","type-page","status-publish","hentry"],"_links":{"self":[{"href":"https:\/\/www.irinoprize.jp\/index.php?rest_route=\/wp\/v2\/pages\/1736","targetHints":{"allow":["GET"]}}],"collection":[{"href":"https:\/\/www.irinoprize.jp\/index.php?rest_route=\/wp\/v2\/pages"}],"about":[{"href":"https:\/\/www.irinoprize.jp\/index.php?rest_route=\/wp\/v2\/types\/page"}],"author":[{"embeddable":true,"href":"https:\/\/www.irinoprize.jp\/index.php?rest_route=\/wp\/v2\/users\/1"}],"replies":[{"embeddable":true,"href":"https:\/\/www.irinoprize.jp\/index.php?rest_route=%2Fwp%2Fv2%2Fcomments&post=1736"}],"version-history":[{"count":0,"href":"https:\/\/www.irinoprize.jp\/index.php?rest_route=\/wp\/v2\/pages\/1736\/revisions"}],"wp:attachment":[{"href":"https:\/\/www.irinoprize.jp\/index.php?rest_route=%2Fwp%2Fv2%2Fmedia&parent=1736"}],"curies":[{"name":"wp","href":"https:\/\/api.w.org\/{rel}","templated":true}]}}