{"id":1729,"date":"2024-11-14T15:50:54","date_gmt":"2024-11-14T06:50:54","guid":{"rendered":"https:\/\/www.irinoprize.jp\/?page_id=1729"},"modified":"2024-11-14T16:23:56","modified_gmt":"2024-11-14T07:23:56","slug":"result-of-the-47th-irino-prize-for-chamber-orchestral-work-2024","status":"publish","type":"page","link":"https:\/\/www.irinoprize.jp\/?page_id=1729","title":{"rendered":"Result of the 47th IRINO PRIZE for Chamber-Orchestral Work, 2024"},"content":{"rendered":"<p><b>Result of the 47th IRINO PRIZE for Chamber-Orchestral work, 2024<\/b><\/p>\n<table>\n<tbody>\n<tr>\n<td align=\"left\" valign=\"top\" bgcolor=\"#564E7E\" width=\"644\" height=\"342\"><em><span style=\"color: #ffffff;\">Irino Prize Winner<\/span><\/em>\n<table width=\"641\">\n<tbody>\n<tr>\n<td rowspan=\"4\" bgcolor=\"#E1DFEB\" width=\"122\"><a href=\"https:\/\/www.irinoprize.jp\/wp-content\/uploads\/2024\/11\/Nuno-Costa-\u00a9-Lino-Silva-1.jpg\"><img loading=\"lazy\" decoding=\"async\" class=\"alignright size-medium wp-image-1731\" src=\"https:\/\/www.irinoprize.jp\/wp-content\/uploads\/2024\/11\/Nuno-Costa-\u00a9-Lino-Silva-1-240x300.jpg\" alt=\"\" width=\"240\" height=\"300\" srcset=\"https:\/\/www.irinoprize.jp\/wp-content\/uploads\/2024\/11\/Nuno-Costa-\u00a9-Lino-Silva-1-240x300.jpg 240w, https:\/\/www.irinoprize.jp\/wp-content\/uploads\/2024\/11\/Nuno-Costa-\u00a9-Lino-Silva-1-819x1024.jpg 819w, https:\/\/www.irinoprize.jp\/wp-content\/uploads\/2024\/11\/Nuno-Costa-\u00a9-Lino-Silva-1-768x960.jpg 768w, https:\/\/www.irinoprize.jp\/wp-content\/uploads\/2024\/11\/Nuno-Costa-\u00a9-Lino-Silva-1-1229x1536.jpg 1229w, https:\/\/www.irinoprize.jp\/wp-content\/uploads\/2024\/11\/Nuno-Costa-\u00a9-Lino-Silva-1.jpg 1638w\" sizes=\"auto, (max-width: 240px) 100vw, 240px\" \/><\/a><\/td>\n<td valign=\"middle\" bgcolor=\"#E1DFEB\" width=\"91\" height=\"18\">Composer<\/td>\n<td valign=\"middle\" bgcolor=\"#E1DFEB\" width=\"412\" height=\"18\">\n<p>&nbsp;<\/p>\n<p style=\"text-align: left;\"><b>Nuno Costa <\/b><a style=\"font-family: inherit; font-size: inherit; background-color: #ffffff;\" href=\"https:\/\/nuno-costa.pt\/\" target=\"_blank\" rel=\"noopener\"><span style=\"font-size: revert; font-family: inherit; background-color: #ffffff;\">\ud83d\udc64 <\/span><\/a><\/p>\n<p style=\"text-align: left;\">(1986 b. in Portugal)<\/p>\n<\/td>\n<\/tr>\n<tr>\n<td valign=\"middle\" bgcolor=\"#E1DFEB\" width=\"91\">Title of work<\/td>\n<td valign=\"middle\" bgcolor=\"#E1DFEB\" width=\"412\" height=\"36\">\n<p>&nbsp;<\/p>\n<p>&#8220;Sequentia&#8221; <a href=\"https:\/\/youtu.be\/K7hULoa9QlI\" target=\"_blank\" rel=\"noopener\"><span style=\"font-size: revert; font-family: inherit; background-color: #ffffff;\">\ud83c\udfb5 <\/span><\/a><\/p>\n<p>(for ob, cl(+bass), trp, vl, vla, vc, db, harp and perc.)<\/p>\n<\/td>\n<\/tr>\n<tr>\n<td valign=\"middle\" bgcolor=\"#E1DFEB\" width=\"91\">Duration<\/td>\n<td valign=\"middle\" bgcolor=\"#E1DFEB\" width=\"412\">7&#8217;00&#8221;<\/td>\n<\/tr>\n<tr>\n<td valign=\"middle\" bgcolor=\"#E1DFEB\" width=\"91\" height=\"27\">\u00a0<\/td>\n<td valign=\"middle\" bgcolor=\"#E1DFEB\" width=\"412\" height=\"27\">\u00a0<\/td>\n<\/tr>\n<tr bgcolor=\"#FFFFFF\">\n<td colspan=\"5\" height=\"10\"><b>Nuno Costa<\/b> (November 4, 1986 \u2013 Cerva, Portugal) studied music composition at the Royal Conservatoire of Antwerp, under Wim Henderickx, the <i>Escola Superior de <\/i><i>M\u00fasica, Artes e Espect\u00e1culo<\/i> (Porto) with Eug\u00e9nio Amorim, the <i>Accademia Nazionale <\/i><i>di Santa Ceclia<\/i> (Rome) under Ivan Fedele, and electronic music at the <i>Haute \u00c9cole de <\/i><i>Musique de Gen\u00e8ve<\/i> with Luis Na\u00f3n, Michael Jarrell and Gilbert Nouno. He attended masterclasses with Andre, Saariaho, Aperghis and many others, participated in the <i>Darmst\u00e4dter Ferienkurse<\/i>, the Late Fall Banff Musicians in Residence and was also selected for a residence at The Camargo Foundation (France, 2019). Costa has received numerous scholarships and awards including the <i>Fondation Nicati-de Luze<\/i> and <i>Istituto <\/i><i>Italiano di Cultura<\/i> scholarships, the ISCM Young Composer Award, the <i>Bourse <\/i><i>artistique<\/i> (<i>Casa de<\/i> <i>Vel\u00e1zquez \u2013 Acad\u00e9mie de France \u00e0 Madrid<\/i>, 2016), a Laureate from <i>Fondation Royaumont<\/i> (<i>Voix Nouvelles<\/i>, 2018), and won the impuls International Composition Competition (Klangforum Wien 2019). He also was selected to compose a chamber opera for 63\u00ba Festival <i>Internazionale di Musica Contemporanea della Biennale <\/i><i>di Venezia<\/i>. Nuno has a special interest in improvisational work with groups of people who are not necessarily professional musicians and enjoys letting himself be carried away by the imagination that nighttime sky observation allows \u2013 the infinity of the universe: the brilliance of its stars and the colors of its planets.<\/td>\n<\/tr>\n<tr>\n<td colspan=\"3\" bgcolor=\"#867eaf\" height=\"5\"><em><span class=\"style9\" style=\"color: #ffffff;\">-The result of the 47th IRINO PRIZE for Chamber Orchestral work, 2024-<\/span><\/em><\/td>\n<\/tr>\n<tr>\n<td colspan=\"3\" bgcolor=\"#EBFFF2\">We would like to announce the result of the 47th Irino Prize, 2024.<br \/>The Selection Committee has been held on 10 November , 2024 at the NPO JML Yoshiro Irino Music Institute Tokyo.<br \/><strong>Total of Entries<\/strong>\uff1a22 compositions, 11 countries<br \/><strong>Award<\/strong>: 300,000 Japanese yen<br \/><strong>Jury of this year<\/strong>: Mari TAKANO (Chair), Satoshi TANAKA, Takayuki RAI, Haruyuki SUZUKI, Rica NARIMOTO, and Yasuaki ITAKURA(Special Jury)<\/td>\n<\/tr>\n<\/tbody>\n<\/table>\n<\/td>\n<\/tr>\n<\/tbody>\n<\/table>\n\n\n<p><\/p>\n","protected":false},"excerpt":{"rendered":"<p>Result of the 47th IRINO PRIZE for Chamber-Orchestral work, 2024 Irino Prize Winner Composer &nbsp; Nuno Costa \ud83d\udc64 (1986 b. in Portugal) Title of work &nbsp; &#8220;Sequentia&#8221; \ud83c\udfb5 (for ob, cl(+bass), trp, vl, vla, vc, db, harp and perc.) Duration 7&#8217;00&#8221; \u00a0 \u00a0 Nuno Costa (November 4, 1986 \u2013 Cerva, Portugal) studied music composition at the Royal Conservatoire of Antwerp, under Wim Henderickx, the Escola Superior de M\u00fasica, Artes e Espect\u00e1culo (Porto) with Eug\u00e9nio Amorim, the Accademia Nazionale di Santa Ceclia (Rome) under Ivan Fedele, and electronic music at the Haute \u00c9cole de Musique de Gen\u00e8ve with Luis Na\u00f3n, Michael Jarrell and Gilbert Nouno. He attended masterclasses with Andre, Saariaho, Aperghis and many others, participated in the Darmst\u00e4dter Ferienkurse, the Late Fall Banff Musicians in Residence and was also selected for a residence at The Camargo Foundation (France, 2019). Costa has received numerous scholarships and awards including the Fondation Nicati-de Luze and Istituto Italiano di Cultura scholarships, the ISCM Young Composer Award, the Bourse artistique (Casa de Vel\u00e1zquez \u2013 Acad\u00e9mie de France \u00e0 Madrid, 2016), a Laureate from Fondation Royaumont (Voix Nouvelles, 2018), and won the impuls International Composition Competition (Klangforum Wien 2019). He also was selected to compose a chamber opera for 63\u00ba Festival Internazionale di Musica Contemporanea della Biennale di Venezia. Nuno has a special interest in improvisational work with groups of people who are not necessarily professional musicians and enjoys letting himself be carried away by the imagination that nighttime sky observation allows \u2013 the infinity of the universe: the brilliance of&#8230;<\/p>\n","protected":false},"author":1,"featured_media":0,"parent":0,"menu_order":0,"comment_status":"closed","ping_status":"closed","template":"","meta":{"footnotes":""},"class_list":["post-1729","page","type-page","status-publish","hentry"],"_links":{"self":[{"href":"https:\/\/www.irinoprize.jp\/index.php?rest_route=\/wp\/v2\/pages\/1729","targetHints":{"allow":["GET"]}}],"collection":[{"href":"https:\/\/www.irinoprize.jp\/index.php?rest_route=\/wp\/v2\/pages"}],"about":[{"href":"https:\/\/www.irinoprize.jp\/index.php?rest_route=\/wp\/v2\/types\/page"}],"author":[{"embeddable":true,"href":"https:\/\/www.irinoprize.jp\/index.php?rest_route=\/wp\/v2\/users\/1"}],"replies":[{"embeddable":true,"href":"https:\/\/www.irinoprize.jp\/index.php?rest_route=%2Fwp%2Fv2%2Fcomments&post=1729"}],"version-history":[{"count":0,"href":"https:\/\/www.irinoprize.jp\/index.php?rest_route=\/wp\/v2\/pages\/1729\/revisions"}],"wp:attachment":[{"href":"https:\/\/www.irinoprize.jp\/index.php?rest_route=%2Fwp%2Fv2%2Fmedia&parent=1729"}],"curies":[{"name":"wp","href":"https:\/\/api.w.org\/{rel}","templated":true}]}}