{"id":1282,"date":"2022-01-20T14:31:28","date_gmt":"2022-01-20T05:31:28","guid":{"rendered":"https:\/\/www.irinoprize.jp\/?page_id=1282"},"modified":"2025-09-08T14:36:58","modified_gmt":"2025-09-08T05:36:58","slug":"result-of-the-43rd-irino-prize-for-chamber-music-2021","status":"publish","type":"page","link":"https:\/\/www.irinoprize.jp\/?page_id=1282","title":{"rendered":"Result of the 43rd IRINO PRIZE for Chamber Music, 2021"},"content":{"rendered":"\n<div class=\"wp-block-group\"><div class=\"wp-block-group__inner-container is-layout-flow wp-block-group-is-layout-flow\">\n<p><b>Result of the 43rd IRINO PRIZE for Chamber Music, 2021<\/b><\/p>\n<table>\n<tbody>\n<tr>\n<td align=\"left\" valign=\"top\" bgcolor=\"#564E7E\" width=\"644\" height=\"342\"><em><span style=\"color: #ffffff;\">Irino Prize Winners<\/span><\/em>\n<table width=\"641\">\n<tbody>\n<tr>\n<td rowspan=\"4\" bgcolor=\"#E1DFEB\" width=\"122\">\n<div align=\"center\"><img loading=\"lazy\" decoding=\"async\" class=\"alignright wp-image-1272 size-full\" src=\"https:\/\/www.irinoprize.jp\/wp-content\/uploads\/2021\/12\/RUDEL_REY-e1638719743168.jpg\" alt=\"\" width=\"221\" height=\"219\" \/><\/div>\n<\/td>\n<td valign=\"middle\" bgcolor=\"#E1DFEB\" width=\"91\" height=\"18\">composer<\/td>\n<td valign=\"middle\" bgcolor=\"#E1DFEB\" width=\"412\" height=\"18\"><strong><strong>Demian Rudel Rey <\/strong><\/strong><br \/>(1987 b, Argentina, living in France) <a href=\"https:\/\/demianrudelrey.com.ar\/\"><span style=\"font-family: inherit; font-size: inherit; background-color: #ffffff;\">\ud83d\udc64<\/span><\/a><\/td>\n<\/tr>\n<tr>\n<td valign=\"middle\" bgcolor=\"#E1DFEB\" width=\"91\">title of work<\/td>\n<td valign=\"middle\" bgcolor=\"#E1DFEB\" width=\"412\" height=\"36\">\u201cDurant l\u00e9ternite de Timee\u201d for 8 instruments<br \/>(fl, cl, trp, trb, vl, vc, perc and harp) <a href=\"https:\/\/www.irinoprize.jp\/wp-content\/uploads\/2025\/09\/11_Durant_Leternite.mp3\"><span style=\"font-family: inherit; font-size: inherit; background-color: #ffffff;\">\ud83c\udfb5<\/span><\/a><\/td>\n<\/tr>\n<tr>\n<td valign=\"middle\" bgcolor=\"#E1DFEB\" width=\"91\">duration<\/td>\n<td valign=\"middle\" bgcolor=\"#E1DFEB\" width=\"412\">ca. 9 minutes<\/td>\n<\/tr>\n<tr>\n<td valign=\"middle\" bgcolor=\"#E1DFEB\" width=\"91\" height=\"27\">URL<\/td>\n<td valign=\"middle\" bgcolor=\"#E1DFEB\" width=\"412\" height=\"27\">http:\/\/demianrudelrey.com.ar\/en<\/td>\n<\/tr>\n<tr>\n<td rowspan=\"4\" bgcolor=\"#E1DFEB\" width=\"122\">\n<div align=\"center\"><img loading=\"lazy\" decoding=\"async\" class=\"alignright wp-image-1271 size-full\" src=\"https:\/\/www.irinoprize.jp\/wp-content\/uploads\/2021\/12\/Jin-e1638719765641.jpg\" alt=\"\" width=\"221\" height=\"240\" \/><\/div>\n<\/td>\n<td valign=\"middle\" bgcolor=\"#E1DFEB\" width=\"91\" height=\"18\">composer<\/td>\n<td valign=\"middle\" bgcolor=\"#E1DFEB\" width=\"412\" height=\"18\"><span class=\"style7\"><span class=\"style7\"><span style=\"font-weight: 600;\">Zhuosheng Jin <\/span><\/span><\/span><span class=\"style7\"><br \/>(1991 b, China) <a href=\"https:\/\/www.zhuoshengjin.com\/\"><span style=\"font-weight: 600;\"><span style=\"font-family: inherit; font-size: inherit; background-color: #ffffff;\">\ud83d\udc64<\/span><\/span><\/a><\/span><\/td>\n<\/tr>\n<tr>\n<td valign=\"middle\" bgcolor=\"#E1DFEB\" width=\"91\">title of work<\/td>\n<td valign=\"middle\" bgcolor=\"#E1DFEB\" width=\"412\" height=\"36\"><span class=\"style14\"><span class=\"style14\"><span class=\"style14\">\u201cVoyage\u201d for cl, vc and accordion <\/span><\/span><\/span><a href=\"https:\/\/www.irinoprize.jp\/wp-content\/uploads\/2025\/09\/02_Voyage-Zhuosheng_Jin.mp3\"><span style=\"font-family: inherit; font-size: inherit; background-color: #ffffff;\">\ud83c\udfb5<\/span><\/a><\/td>\n<\/tr>\n<tr>\n<td valign=\"middle\" bgcolor=\"#E1DFEB\" width=\"91\">duration<\/td>\n<td valign=\"middle\" bgcolor=\"#E1DFEB\" width=\"412\">ca. 8 minutes<\/td>\n<\/tr>\n<tr>\n<td valign=\"middle\" bgcolor=\"#E1DFEB\" width=\"91\" height=\"27\">URL<\/td>\n<td valign=\"middle\" bgcolor=\"#E1DFEB\" width=\"412\" height=\"27\">https:\/\/www.zhuoshengjin.com<\/td>\n<\/tr>\n<tr bgcolor=\"#FFFFFF\">\n<td colspan=\"5\" height=\"10\"><strong>\u00a0[Profile of Demian Rudel Rey]<\/strong><br \/>Demian Rudel Rey, native of Ciudad de Buenos Aires and currently living in Lyon, obtains a DEM and a DNSPM in guitar. After a BA in composition and a Masters in Arts combined at UNA [Argentina], he validates his Masters in instrumental composition and his Artist Diploma at the CNSMDL and his composition traineeship at KUG. Shaped by the courses and seminars of prestigious composers, he receives in particular the advice of Philippe Hurel, Mart\u00edn Matalon, Franck Bedrossian, Yann Robin, Jos\u00e9 Manuel L\u00f3pez L\u00f3pez who strongly marked him in his compositional thought.Demian dedicates his production as a composer to instrumental, mixed, electroacoustic music as well as visual music. For the development of his composition projects, he has received the support of Centre International Nadia et Lili Boulanger, Salabert Foundation, SACEM, Mozarteum Argentino, FNArtes, BECAR\u2026 The electrifying energy of his work has enabled him to obtain Ivan Juritz Prize [GB], Fondation Salabert Prize [FR], Sond&#8217;Ar-te [PT], Musicworks [CA], Matera Intermedia [IT], CICEM [MC], Destellos Foundation [AR], Musique en roue libre [FR].His professional experiences have led him to work with ensembles such as the Court-Circuit, Proxima Centauri, EOC with Bruno Mantovani, quatuor TANA, Barcelona Modern, AuditivVokal Dresden, Reconsil, Margarethe Maierhofer-Lischka (Schallfeld Ensemble), Atelier XX-21, CNSMDL&#8217;s orchestra conducted by Roberto For\u00e9s Veses, Ensemble \u00c9coute, Emily Carr String Quartet, Quartetto Mitja, Ensamble TROPI&#8230; Recently he premiered a chamber opera &#8211; &#8220;Qu&#8217;est-ce que l&#8217;amour ?&#8221; &#8211; with an ensemble he created in Lyon.. His future projects include collaborations with Festival Ensemble(s) [2e2m \u2022 Cairn \u2022 Court-circuit \u2022 Multilat\u00e9rale \u2022 Sillages], Proxima Centauri, JJAF, Ensemble Ars Nova, Imaginaire, Accroche note&#8230;\n<p><strong style=\"font-size: inherit; font-family: inherit;\">[Profile of Zhuosheng Jin]<\/strong> <br \/>Zhuosheng Jin\u2019s music is described as \u201cpowerful\u201d and \u201chaunting\u201d (The New York Times). His\u00a0composition emphasises relationships between literature, especially poetry, and sonic texture. He wins the 2020\u00a0Matan Givol Composers Competition (1st prize, Israel), 2020\u00a0Salvatore Martirano Award\u00a0(1st prize, US),\u00a02019 Toru Takemitsu Composition Award (3rd prize, Japan), among others.<br \/>Jin\u2019s music has been programmed in more than 20 countries. He wrote for the Tokyo Philharmonic Orchestra, Ensemble InterContemporain (soloists), Klangforum Wien (soloists), Meitar Ensemble, Quatuor B\u00e9la, Ensemble Mdi, Syntax Ensemble, and Mivos Quartet, etc., and has worked with conductors including Pierre-Andr\u00e9 Valade, Jean-Philippe Wurtz, Guillaume Bourgogne, and Kanako Abe, et al. His scores are published by BabelScores France.<br \/>Having begun to study piano at the age of seven, and then composition at thirteen, Jin holds degrees from Oberlin College (BM \u201815) and Boston University (MM \u201817) and is currently a DMus. fellow at McGill University with Philippe Leroux. He also followed private lessons and master-classes with Helmut Lachenmann, Beat Furrer,\u00a0Pierluigi Billone, Marco Stroppa, and Stefano Gervasoni,\u00a0et al.<\/p>\n<\/td>\n<\/tr>\n<tr>\n<td colspan=\"3\" bgcolor=\"#867eaf\" height=\"5\"><em><span class=\"style9\" style=\"color: #ffffff;\"><span class=\"style9\">-The result of the 43rd IRINO PRIZE for Chamber Music, 2021<\/span><\/span><\/em><\/td>\n<\/tr>\n<tr>\n<td colspan=\"3\" bgcolor=\"#EBFFF2\">We would like to inform you the result of the 43rd Irino Prize ,2021.<br \/>The Selection Committee has been held on October 10th, 2021 at the NPO JML Yoshiro Irino Music Institute Tokyo.<br \/><strong>Jury of this year:\u00a0<\/strong>Satoshi TANAKA(Chairperson), Takayuki RAI,\u00a0Mari TAKANO, Masahiro MIWA, Haruyuki SUZUKI, Rica Narimoto<br \/><strong>Total of Entries:<\/strong>\u00a015 compositions, 5 countries<br \/><strong>Award:<\/strong> 200,000 Japanese yen (This will be shared between above two winners.)<\/td>\n<\/tr>\n<\/tbody>\n<\/table>\n<\/td>\n<\/tr>\n<\/tbody>\n<\/table>\n<\/div><\/div>\n","protected":false},"excerpt":{"rendered":"<p>Result of the 43rd IRINO PRIZE for Chamber Music, 2021 Irino Prize Winners composer Demian Rudel Rey (1987 b, Argentina, living in France) \ud83d\udc64 title of work \u201cDurant l\u00e9ternite de Timee\u201d for 8 instruments(fl, cl, trp, trb, vl, vc, perc and harp) \ud83c\udfb5 duration ca. 9 minutes URL http:\/\/demianrudelrey.com.ar\/en composer Zhuosheng Jin (1991 b, China) \ud83d\udc64 title of work \u201cVoyage\u201d for cl, vc and accordion \ud83c\udfb5 duration ca. 8 minutes URL https:\/\/www.zhuoshengjin.com \u00a0[Profile of Demian Rudel Rey]Demian Rudel Rey, native of Ciudad de Buenos Aires and currently living in Lyon, obtains a DEM and a DNSPM in guitar. After a BA in composition and a Masters in Arts combined at UNA [Argentina], he validates his Masters in instrumental composition and his Artist Diploma at the CNSMDL and his composition traineeship at KUG. Shaped by the courses and seminars of prestigious composers, he receives in particular the advice of Philippe Hurel, Mart\u00edn Matalon, Franck Bedrossian, Yann Robin, Jos\u00e9 Manuel L\u00f3pez L\u00f3pez who strongly marked him in his compositional thought.Demian dedicates his production as a composer to instrumental, mixed, electroacoustic music as well as visual music. For the development of his composition projects, he has received the support of Centre International Nadia et Lili Boulanger, Salabert Foundation, SACEM, Mozarteum Argentino, FNArtes, BECAR\u2026 The electrifying energy of his work has enabled him to obtain Ivan Juritz Prize [GB], Fondation Salabert Prize [FR], Sond&#8217;Ar-te [PT], Musicworks [CA], Matera Intermedia [IT], CICEM [MC], Destellos Foundation [AR], Musique en roue libre [FR].His professional experiences have led him to work with ensembles&#8230;<\/p>\n","protected":false},"author":1,"featured_media":0,"parent":0,"menu_order":0,"comment_status":"closed","ping_status":"closed","template":"","meta":{"footnotes":""},"class_list":["post-1282","page","type-page","status-publish","hentry"],"_links":{"self":[{"href":"https:\/\/www.irinoprize.jp\/index.php?rest_route=\/wp\/v2\/pages\/1282","targetHints":{"allow":["GET"]}}],"collection":[{"href":"https:\/\/www.irinoprize.jp\/index.php?rest_route=\/wp\/v2\/pages"}],"about":[{"href":"https:\/\/www.irinoprize.jp\/index.php?rest_route=\/wp\/v2\/types\/page"}],"author":[{"embeddable":true,"href":"https:\/\/www.irinoprize.jp\/index.php?rest_route=\/wp\/v2\/users\/1"}],"replies":[{"embeddable":true,"href":"https:\/\/www.irinoprize.jp\/index.php?rest_route=%2Fwp%2Fv2%2Fcomments&post=1282"}],"version-history":[{"count":2,"href":"https:\/\/www.irinoprize.jp\/index.php?rest_route=\/wp\/v2\/pages\/1282\/revisions"}],"predecessor-version":[{"id":1914,"href":"https:\/\/www.irinoprize.jp\/index.php?rest_route=\/wp\/v2\/pages\/1282\/revisions\/1914"}],"wp:attachment":[{"href":"https:\/\/www.irinoprize.jp\/index.php?rest_route=%2Fwp%2Fv2%2Fmedia&parent=1282"}],"curies":[{"name":"wp","href":"https:\/\/api.w.org\/{rel}","templated":true}]}}